{"id":3464,"date":"2023-07-09T14:17:10","date_gmt":"2023-07-09T22:17:10","guid":{"rendered":"https:\/\/www.hervetropea.com\/?page_id=3464"},"modified":"2024-06-26T11:15:33","modified_gmt":"2024-06-26T19:15:33","slug":"amber-heard-johnny-depp-amour-dollars-et-trahison","status":"publish","type":"page","link":"https:\/\/www.hervetropea.com\/fr\/livres\/amber-heard-johnny-depp-amour-dollars-et-trahison\/","title":{"rendered":"Amber Heard \u2013 Johnny Depp : amour, dollars et trahison"},"content":{"rendered":"\n<div class=\"inherit-container-width wp-block-group alignfull panel__book-featured has-primary-container-alt-background-color has-background is-layout-constrained wp-block-group-is-layout-constrained\"><div class=\"wp-block-group__inner-container\">\n<div class=\"wp-block-columns alignfull are-vertically-aligned-center is-layout-flex wp-container-core-columns-is-layout-28f84493 wp-block-columns-is-layout-flex\">\n<div class=\"wp-block-column is-vertically-aligned-center col__image-cover is-layout-flow wp-block-column-is-layout-flow\">\n<figure class=\"wp-block-image size-full image-cover\"><img loading=\"lazy\" decoding=\"async\" width=\"400\" height=\"630\" src=\"https:\/\/www.hervetropea.com\/wp-content\/uploads\/cover_amber-heard-johnny-depp_amour-dollars-trahison.webp\" alt=\"Cover of the Book &quot;Amber Heard - Johnny Depp: Love, Dollars, and Betrayal&quot; by Corinne Calmet &amp; Herv\u00e9 Trop\u00e9a\" class=\"wp-image-3461\" srcset=\"https:\/\/www.hervetropea.com\/wp-content\/uploads\/cover_amber-heard-johnny-depp_amour-dollars-trahison.webp 400w, https:\/\/www.hervetropea.com\/wp-content\/uploads\/cover_amber-heard-johnny-depp_amour-dollars-trahison-317x500.webp 317w\" sizes=\"auto, (max-width: 400px) 100vw, 400px\" \/><\/figure>\n<\/div>\n\n\n\n<div class=\"wp-block-column is-vertically-aligned-center is-layout-flow wp-block-column-is-layout-flow\">\n<p class=\"eyebrow\">disponible<\/p>\n\n\n\n<h1 class=\"wp-block-heading maxw-14\">Amber Heard \u2013 Johnny Depp : amour, dollars et trahison<\/h1>\n\n\n\n<p>Le 11&nbsp;avril 2022 \u00e0 Fairfax, en Virginie, s\u2019ouvre un proc\u00e8s qui passionne le monde entier&nbsp;: Amber Heard et Johnny Depp s\u2019accusent de violences conjugales et de diffamation, demandant \u00e0 l\u2019autre des millions de dollars \u00e0 titre d\u2019indemnit\u00e9s. Film\u00e9 en direct, le proc\u00e8s d\u00e9cha\u00eene le web et divise Hollywood comme l\u2019opinion publique.<\/p>\n\n\n\n<p>Comment l\u2019idylle entre les deux acteurs s\u2019est-elle mu\u00e9e en haine&nbsp;? Ayant fait connaissance sur le tournage du film&nbsp;<em>Rhum Express&nbsp;<\/em>en 2009, Johnny et Amber apparaissent officiellement ensemble en 2012. Lui est s\u00e9par\u00e9 de Vanessa Paradis&nbsp;; elle, de la photographe Tasya van Ree. En 2015, ils se marient. En mai 2016, Amber Heard demande le divorce.<\/p>\n\n\n\n<p>Au-del\u00e0 du parcours des deux acteurs, les auteurs analysent le pouvoir des r\u00e9seaux sociaux et des groupes masculinistes, accus\u00e9s d\u2019avoir influenc\u00e9 le verdict.<\/p>\n\n\n\n<div class=\"wp-block-buttons is-layout-flex wp-block-buttons-is-layout-flex\">\n<div class=\"wp-block-button is-style-btn-primary\"><a class=\"wp-block-button__link wp-element-button\" href=\"https:\/\/www.lisez.com\/livre-grand-format\/amber-heard-johnny-depp\/9782809847451\" target=\"_blank\" rel=\"noreferrer noopener\">Acheter chez l&rsquo;\u00e9diteur<\/a><\/div>\n\n\n\n<div class=\"wp-block-button is-style-btn-primary\"><a class=\"wp-block-button__link wp-element-button\" href=\"https:\/\/www.amazon.fr\/Amber-Heard-Johnny-Depp-Corinne-Calmet\/dp\/2809847452\/ref=sr_1_1?__mk_fr_FR=%C3%85M%C3%85%C5%BD%C3%95%C3%91&amp;crid=3CK2092FPVT0I&amp;keywords=amber+heard+johnny+depp+livre&amp;qid=1688889553&amp;sprefix=amber+heard+johnny+depp+livr%2Caps%2C83&amp;sr=8-1\" target=\"_blank\" rel=\"noreferrer noopener\">Acheter sur Amazon<\/a><\/div>\n<\/div>\n<\/div>\n<\/div>\n<\/div><\/div>\n\n\n\n<div class=\"inherit-container-width wp-block-group alignfull panel__books-additional has-primary-container-alt-background-color has-background is-layout-constrained wp-block-group-is-layout-constrained\"><div class=\"wp-block-group__inner-container\">\n<h2 class=\"wp-block-heading has-text-align-center\">Ouvrages compl\u00e9mentaires d&rsquo;Herv\u00e9 Trop\u00e9a<\/h2>\n\n\n\n<div class=\"wp-block-group books-grid is-layout-constrained wp-block-group-is-layout-constrained\"><div class=\"wp-block-group__inner-container\"><a href=\"\/fr\/livres\/friends-forever\/\"    class=\"wp-block-tiptip-hyperlink-group-block\" >\n<div class=\"inherit-container-width wp-block-group is-layout-constrained wp-block-group-is-layout-constrained\"><div class=\"wp-block-group__inner-container\">\n<figure class=\"wp-block-image aligncenter size-full image-cover\"><img loading=\"lazy\" decoding=\"async\" width=\"400\" height=\"630\" src=\"https:\/\/www.hervetropea.com\/wp-content\/uploads\/cover_friends-forever-book.webp\" alt=\"A cover of the book FRIENDS FOREVER  by Herv\u00e9 Trop\u00e9a and Ana\u00efs Maquin\u00e9-Denecker \" class=\"wp-image-3539\" srcset=\"https:\/\/www.hervetropea.com\/wp-content\/uploads\/cover_friends-forever-book.webp 400w, https:\/\/www.hervetropea.com\/wp-content\/uploads\/cover_friends-forever-book-317x500.webp 317w\" sizes=\"auto, (max-width: 400px) 100vw, 400px\" \/><\/figure>\n\n\n\n<h3 class=\"wp-block-heading has-text-align-center\">Friends Forever <\/h3>\n\n\n\n<div class=\"wp-block-buttons is-content-justification-center is-layout-flex wp-container-core-buttons-is-layout-a89b3969 wp-block-buttons-is-layout-flex\">\n\n<div class=\"wp-block-button is-style-btn-primary\"><span class=\"wp-block-button__link wp-element-button\">Voir les d\u00e9tails<\/span><\/div>\n\n<\/div>\n<\/div><\/div>\n<\/a>\n\n<a href=\"https:\/\/www.hervetropea.com\/books\/angelina-jolie-and-brad-pitt-the-secrets-of-the-divorce-of-the-century\/\"    class=\"wp-block-tiptip-hyperlink-group-block\" >\n<div class=\"inherit-container-width wp-block-group is-layout-constrained wp-block-group-is-layout-constrained\"><div class=\"wp-block-group__inner-container\">\n<figure class=\"wp-block-image aligncenter size-full image-cover\"><img loading=\"lazy\" decoding=\"async\" width=\"400\" height=\"630\" src=\"https:\/\/www.hervetropea.com\/wp-content\/uploads\/cover_angelina-jolie-brad-pitt-divorce.webp\" alt=\"Angelina Jolie and Brad Pitt: the secrets of the divorce of the century\" class=\"wp-image-3509\" srcset=\"https:\/\/www.hervetropea.com\/wp-content\/uploads\/cover_angelina-jolie-brad-pitt-divorce.webp 400w, https:\/\/www.hervetropea.com\/wp-content\/uploads\/cover_angelina-jolie-brad-pitt-divorce-317x500.webp 317w\" sizes=\"auto, (max-width: 400px) 100vw, 400px\" \/><\/figure>\n\n\n\n<h3 class=\"wp-block-heading has-text-align-center\">Angelina Jolie et Brad Pitt&nbsp;: les secrets du divorce du si\u00e8cle<\/h3>\n\n\n\n<div class=\"wp-block-buttons is-content-justification-center is-layout-flex wp-container-core-buttons-is-layout-a89b3969 wp-block-buttons-is-layout-flex\">\n\n<div class=\"wp-block-button is-style-btn-primary\"><span class=\"wp-block-button__link wp-element-button\">Voir les d\u00e9tails<\/span><\/div>\n\n<\/div>\n<\/div><\/div>\n<\/a>\n\n<a href=\"https:\/\/www.hervetropea.com\/fr\/livres\/amber-heard-johnny-depp-amour-dollars-et-trahison\/\"    class=\"wp-block-tiptip-hyperlink-group-block\" >\n<div class=\"inherit-container-width wp-block-group is-layout-constrained wp-block-group-is-layout-constrained\"><div class=\"wp-block-group__inner-container\">\n<figure class=\"wp-block-image aligncenter size-full image-cover\"><img loading=\"lazy\" decoding=\"async\" width=\"400\" height=\"630\" src=\"https:\/\/www.hervetropea.com\/wp-content\/uploads\/cover_amber-heard-johnny-depp_amour-dollars-trahison.webp\" alt=\"Cover of the Book &quot;Amber Heard - Johnny Depp: Love, Dollars, and Betrayal&quot; by Corinne Calmet &amp; Herv\u00e9 Trop\u00e9a\" class=\"wp-image-3460\" srcset=\"https:\/\/www.hervetropea.com\/wp-content\/uploads\/cover_amber-heard-johnny-depp_amour-dollars-trahison.webp 400w, https:\/\/www.hervetropea.com\/wp-content\/uploads\/cover_amber-heard-johnny-depp_amour-dollars-trahison-317x500.webp 317w\" sizes=\"auto, (max-width: 400px) 100vw, 400px\" \/><\/figure>\n\n\n\n<h3 class=\"wp-block-heading has-text-align-center\">Amber Heard \u2013 Johnny Depp : amour, dollars et trahison<\/h3>\n\n\n\n<div class=\"wp-block-buttons is-content-justification-center is-layout-flex wp-container-core-buttons-is-layout-a89b3969 wp-block-buttons-is-layout-flex\">\n\n<div class=\"wp-block-button is-style-btn-primary\"><span class=\"wp-block-button__link wp-element-button\">Voir les d\u00e9tails<\/span><\/div>\n\n<\/div>\n<\/div><\/div>\n<\/a>\n\n<a href=\"https:\/\/www.hervetropea.com\/fr\/livres\/celine-dion-la-vraie-histoire\/\"    class=\"wp-block-tiptip-hyperlink-group-block\" >\n<div class=\"inherit-container-width wp-block-group is-layout-constrained wp-block-group-is-layout-constrained\"><div class=\"wp-block-group__inner-container\">\n<figure class=\"wp-block-image aligncenter size-full is-resized image-cover\"><img loading=\"lazy\" decoding=\"async\" src=\"https:\/\/www.hervetropea.com\/wp-content\/uploads\/cover_celine-dion_la-vraire-historie.webp\" alt=\"C\u00e9line Dion \u2013 La vraie historie (C\u00e9line Dion \u2013 The True Story)\" class=\"wp-image-2530\" width=\"254\" height=\"400\" srcset=\"https:\/\/www.hervetropea.com\/wp-content\/uploads\/cover_celine-dion_la-vraire-historie.webp 400w, https:\/\/www.hervetropea.com\/wp-content\/uploads\/cover_celine-dion_la-vraire-historie-317x500.webp 317w\" sizes=\"auto, (max-width: 254px) 100vw, 254px\" \/><\/figure>\n\n\n\n<h3 class=\"wp-block-heading has-text-align-center\">C\u00e9line Dion \u2013 la vraie histoire<\/h3>\n\n\n\n<div class=\"wp-block-buttons is-content-justification-center is-layout-flex wp-container-core-buttons-is-layout-a89b3969 wp-block-buttons-is-layout-flex\">\n\n<div class=\"wp-block-button is-style-btn-primary\"><span class=\"wp-block-button__link wp-element-button\">Voir les d\u00e9tails<\/span><\/div>\n\n<\/div>\n<\/div><\/div>\n<\/a>\n\n<a href=\"https:\/\/www.hervetropea.com\/fr\/livres\/paroles-dexperts\/\"    class=\"wp-block-tiptip-hyperlink-group-block\" >\n<div class=\"inherit-container-width wp-block-group is-layout-constrained wp-block-group-is-layout-constrained\"><div class=\"wp-block-group__inner-container\">\n<figure class=\"wp-block-image aligncenter size-full is-resized image-cover\"><img loading=\"lazy\" decoding=\"async\" src=\"https:\/\/www.hervetropea.com\/wp-content\/uploads\/cover_paroles-d-experts.webp\" alt=\"Couverture de Paroles d'Experts par Herve Tropea\" class=\"wp-image-2600\" width=\"254\" height=\"400\" srcset=\"https:\/\/www.hervetropea.com\/wp-content\/uploads\/cover_paroles-d-experts.webp 400w, https:\/\/www.hervetropea.com\/wp-content\/uploads\/cover_paroles-d-experts-317x500.webp 317w\" sizes=\"auto, (max-width: 254px) 100vw, 254px\" \/><\/figure>\n\n\n\n<h3 class=\"wp-block-heading has-text-align-center\">Paroles d&rsquo;Experts<\/h3>\n\n\n\n<div class=\"wp-block-buttons is-content-justification-center is-layout-flex wp-container-core-buttons-is-layout-a89b3969 wp-block-buttons-is-layout-flex\">\n\n<div class=\"wp-block-button is-style-btn-primary\"><span class=\"wp-block-button__link wp-element-button\">Voir les d\u00e9tails<\/span><\/div>\n\n<\/div>\n<\/div><\/div>\n<\/a>\n\n<a href=\"https:\/\/www.hervetropea.com\/fr\/livres\/dr-house-au-scalpel\/\"    class=\"wp-block-tiptip-hyperlink-group-block\" >\n<div class=\"inherit-container-width wp-block-group is-layout-constrained wp-block-group-is-layout-constrained\"><div class=\"wp-block-group__inner-container\">\n<figure class=\"wp-block-image aligncenter size-full is-resized image-cover\"><img loading=\"lazy\" decoding=\"async\" src=\"https:\/\/www.hervetropea.com\/wp-content\/uploads\/cover_dr-house-au-scalpel.webp\" alt=\"Couverture de Dr House au scalpel par Herve Tropea\" class=\"wp-image-2597\" width=\"254\" height=\"400\" srcset=\"https:\/\/www.hervetropea.com\/wp-content\/uploads\/cover_dr-house-au-scalpel.webp 400w, https:\/\/www.hervetropea.com\/wp-content\/uploads\/cover_dr-house-au-scalpel-317x500.webp 317w\" sizes=\"auto, (max-width: 254px) 100vw, 254px\" \/><\/figure>\n\n\n\n<h3 class=\"wp-block-heading has-text-align-center\">Dr House au scalpel<\/h3>\n\n\n\n<div class=\"wp-block-buttons is-content-justification-center is-layout-flex wp-container-core-buttons-is-layout-a89b3969 wp-block-buttons-is-layout-flex\">\n\n<div class=\"wp-block-button is-style-btn-primary\"><span class=\"wp-block-button__link wp-element-button\">Voir les d\u00e9tails<\/span><\/div>\n\n<\/div>\n<\/div><\/div>\n<\/a><\/div><\/div>\n<\/div><\/div>\n","protected":false},"excerpt":{"rendered":"<p>disponible Amber Heard \u2013 Johnny Depp : amour, dollars et trahison Le 11&nbsp;avril 2022 \u00e0 Fairfax, en Virginie, s\u2019ouvre un proc\u00e8s qui passionne le monde entier&nbsp;: Amber Heard et Johnny Depp s\u2019accusent de violences conjugales et de diffamation, demandant \u00e0 l\u2019autre des millions de dollars \u00e0 titre d\u2019indemnit\u00e9s. Film\u00e9 en direct, le proc\u00e8s d\u00e9cha\u00eene le [&hellip;]<\/p>\n","protected":false},"author":1,"featured_media":0,"parent":2731,"menu_order":0,"comment_status":"closed","ping_status":"closed","template":"","meta":{"site-sidebar-layout":"default","site-content-layout":"","ast-site-content-layout":"default","site-content-style":"default","site-sidebar-style":"default","ast-global-header-display":"","ast-banner-title-visibility":"","ast-main-header-display":"","ast-hfb-above-header-display":"","ast-hfb-below-header-display":"","ast-hfb-mobile-header-display":"","site-post-title":"disabled","ast-breadcrumbs-content":"","ast-featured-img":"","footer-sml-layout":"","ast-disable-related-posts":"","theme-transparent-header-meta":"","adv-header-id-meta":"","stick-header-meta":"","header-above-stick-meta":"","header-main-stick-meta":"","header-below-stick-meta":"","astra-migrate-meta-layouts":"set","ast-page-background-enabled":"default","ast-page-background-meta":{"desktop":{"background-color":"var(--ast-global-color-4)","background-image":"","background-repeat":"repeat","background-position":"center center","background-size":"auto","background-attachment":"scroll","background-type":"","background-media":"","overlay-type":"","overlay-color":"","overlay-opacity":"","overlay-gradient":""},"tablet":{"background-color":"","background-image":"","background-repeat":"repeat","background-position":"center center","background-size":"auto","background-attachment":"scroll","background-type":"","background-media":"","overlay-type":"","overlay-color":"","overlay-opacity":"","overlay-gradient":""},"mobile":{"background-color":"","background-image":"","background-repeat":"repeat","background-position":"center center","background-size":"auto","background-attachment":"scroll","background-type":"","background-media":"","overlay-type":"","overlay-color":"","overlay-opacity":"","overlay-gradient":""}},"ast-content-background-meta":{"desktop":{"background-color":"var(--ast-global-color-5)","background-image":"","background-repeat":"repeat","background-position":"center center","background-size":"auto","background-attachment":"scroll","background-type":"","background-media":"","overlay-type":"","overlay-color":"","overlay-opacity":"","overlay-gradient":""},"tablet":{"background-color":"var(--ast-global-color-5)","background-image":"","background-repeat":"repeat","background-position":"center center","background-size":"auto","background-attachment":"scroll","background-type":"","background-media":"","overlay-type":"","overlay-color":"","overlay-opacity":"","overlay-gradient":""},"mobile":{"background-color":"var(--ast-global-color-5)","background-image":"","background-repeat":"repeat","background-position":"center center","background-size":"auto","background-attachment":"scroll","background-type":"","background-media":"","overlay-type":"","overlay-color":"","overlay-opacity":"","overlay-gradient":""}},"footnotes":""},"class_list":["post-3464","page","type-page","status-publish","hentry"],"yoast_head":"<!-- This site is optimized with the Yoast SEO plugin v27.3 - https:\/\/yoast.com\/product\/yoast-seo-wordpress\/ -->\n<title>Amber Heard \u2013 Johnny Depp : amour, dollars et trahison - Herv\u00e9 Trop\u00e9a<\/title>\n<meta name=\"robots\" content=\"index, follow, max-snippet:-1, max-image-preview:large, max-video-preview:-1\" \/>\n<link rel=\"canonical\" href=\"https:\/\/www.hervetropea.com\/fr\/livres\/amber-heard-johnny-depp-amour-dollars-et-trahison\/\" \/>\n<meta property=\"og:locale\" content=\"fr_FR\" \/>\n<meta property=\"og:type\" content=\"article\" \/>\n<meta property=\"og:title\" content=\"Amber Heard \u2013 Johnny Depp : amour, dollars et trahison - Herv\u00e9 Trop\u00e9a\" \/>\n<meta property=\"og:description\" content=\"disponible Amber Heard \u2013 Johnny Depp : amour, dollars et trahison Le 11&nbsp;avril 2022 \u00e0 Fairfax, en Virginie, s\u2019ouvre un proc\u00e8s qui passionne le monde entier&nbsp;: Amber Heard et Johnny Depp s\u2019accusent de violences conjugales et de diffamation, demandant \u00e0 l\u2019autre des millions de dollars \u00e0 titre d\u2019indemnit\u00e9s. Film\u00e9 en direct, le proc\u00e8s d\u00e9cha\u00eene le [&hellip;]\" \/>\n<meta property=\"og:url\" content=\"https:\/\/www.hervetropea.com\/fr\/livres\/amber-heard-johnny-depp-amour-dollars-et-trahison\/\" \/>\n<meta property=\"og:site_name\" content=\"Herv\u00e9 Trop\u00e9a\" \/>\n<meta property=\"article:modified_time\" content=\"2024-06-26T19:15:33+00:00\" \/>\n<meta property=\"og:image\" content=\"https:\/\/www.hervetropea.com\/wp-content\/uploads\/cover_amber-heard-johnny-depp_amour-dollars-trahison.webp\" \/>\n<meta name=\"twitter:card\" content=\"summary_large_image\" \/>\n<meta name=\"twitter:label1\" content=\"Dur\u00e9e de lecture estim\u00e9e\" \/>\n\t<meta name=\"twitter:data1\" content=\"1 minute\" \/>\n<script type=\"application\/ld+json\" class=\"yoast-schema-graph\">{\"@context\":\"https:\\\/\\\/schema.org\",\"@graph\":[{\"@type\":\"WebPage\",\"@id\":\"https:\\\/\\\/www.hervetropea.com\\\/fr\\\/livres\\\/amber-heard-johnny-depp-amour-dollars-et-trahison\\\/\",\"url\":\"https:\\\/\\\/www.hervetropea.com\\\/fr\\\/livres\\\/amber-heard-johnny-depp-amour-dollars-et-trahison\\\/\",\"name\":\"Amber Heard \u2013 Johnny Depp : amour, dollars et trahison - Herv\u00e9 Trop\u00e9a\",\"isPartOf\":{\"@id\":\"https:\\\/\\\/www.hervetropea.com\\\/fr\\\/#website\"},\"primaryImageOfPage\":{\"@id\":\"https:\\\/\\\/www.hervetropea.com\\\/fr\\\/livres\\\/amber-heard-johnny-depp-amour-dollars-et-trahison\\\/#primaryimage\"},\"image\":{\"@id\":\"https:\\\/\\\/www.hervetropea.com\\\/fr\\\/livres\\\/amber-heard-johnny-depp-amour-dollars-et-trahison\\\/#primaryimage\"},\"thumbnailUrl\":\"https:\\\/\\\/www.hervetropea.com\\\/wp-content\\\/uploads\\\/cover_amber-heard-johnny-depp_amour-dollars-trahison.webp\",\"datePublished\":\"2023-07-09T22:17:10+00:00\",\"dateModified\":\"2024-06-26T19:15:33+00:00\",\"breadcrumb\":{\"@id\":\"https:\\\/\\\/www.hervetropea.com\\\/fr\\\/livres\\\/amber-heard-johnny-depp-amour-dollars-et-trahison\\\/#breadcrumb\"},\"inLanguage\":\"fr-FR\",\"potentialAction\":[{\"@type\":\"ReadAction\",\"target\":[\"https:\\\/\\\/www.hervetropea.com\\\/fr\\\/livres\\\/amber-heard-johnny-depp-amour-dollars-et-trahison\\\/\"]}]},{\"@type\":\"ImageObject\",\"inLanguage\":\"fr-FR\",\"@id\":\"https:\\\/\\\/www.hervetropea.com\\\/fr\\\/livres\\\/amber-heard-johnny-depp-amour-dollars-et-trahison\\\/#primaryimage\",\"url\":\"https:\\\/\\\/www.hervetropea.com\\\/wp-content\\\/uploads\\\/cover_amber-heard-johnny-depp_amour-dollars-trahison.webp\",\"contentUrl\":\"https:\\\/\\\/www.hervetropea.com\\\/wp-content\\\/uploads\\\/cover_amber-heard-johnny-depp_amour-dollars-trahison.webp\"},{\"@type\":\"BreadcrumbList\",\"@id\":\"https:\\\/\\\/www.hervetropea.com\\\/fr\\\/livres\\\/amber-heard-johnny-depp-amour-dollars-et-trahison\\\/#breadcrumb\",\"itemListElement\":[{\"@type\":\"ListItem\",\"position\":1,\"name\":\"Home\",\"item\":\"https:\\\/\\\/www.hervetropea.com\\\/fr\\\/\"},{\"@type\":\"ListItem\",\"position\":2,\"name\":\"Livres\",\"item\":\"https:\\\/\\\/www.hervetropea.com\\\/fr\\\/livres\\\/\"},{\"@type\":\"ListItem\",\"position\":3,\"name\":\"Amber Heard \u2013 Johnny Depp : amour, dollars et trahison\"}]},{\"@type\":\"WebSite\",\"@id\":\"https:\\\/\\\/www.hervetropea.com\\\/fr\\\/#website\",\"url\":\"https:\\\/\\\/www.hervetropea.com\\\/fr\\\/\",\"name\":\"Herv\u00e9 Trop\u00e9a\",\"description\":\"\",\"publisher\":{\"@id\":\"https:\\\/\\\/www.hervetropea.com\\\/fr\\\/#\\\/schema\\\/person\\\/a9eedb2099cb5b9fb60332e73c6d0a79\"},\"potentialAction\":[{\"@type\":\"SearchAction\",\"target\":{\"@type\":\"EntryPoint\",\"urlTemplate\":\"https:\\\/\\\/www.hervetropea.com\\\/fr\\\/?s={search_term_string}\"},\"query-input\":{\"@type\":\"PropertyValueSpecification\",\"valueRequired\":true,\"valueName\":\"search_term_string\"}}],\"inLanguage\":\"fr-FR\"},{\"@type\":[\"Person\",\"Organization\"],\"@id\":\"https:\\\/\\\/www.hervetropea.com\\\/fr\\\/#\\\/schema\\\/person\\\/a9eedb2099cb5b9fb60332e73c6d0a79\",\"name\":\"Herv\u00e9 Tropea\",\"image\":{\"@type\":\"ImageObject\",\"inLanguage\":\"fr-FR\",\"@id\":\"https:\\\/\\\/www.hervetropea.com\\\/wp-content\\\/uploads\\\/photo_herve-tropea-hero1.jpg\",\"url\":\"https:\\\/\\\/www.hervetropea.com\\\/wp-content\\\/uploads\\\/photo_herve-tropea-hero1.jpg\",\"contentUrl\":\"https:\\\/\\\/www.hervetropea.com\\\/wp-content\\\/uploads\\\/photo_herve-tropea-hero1.jpg\",\"width\":600,\"height\":900,\"caption\":\"Herv\u00e9 Tropea\"},\"logo\":{\"@id\":\"https:\\\/\\\/www.hervetropea.com\\\/wp-content\\\/uploads\\\/photo_herve-tropea-hero1.jpg\"},\"sameAs\":[\"https:\\\/\\\/www.linkedin.com\\\/in\\\/herve-tropea-218a3594\\\/\"]}]}<\/script>\n<!-- \/ Yoast SEO plugin. -->","yoast_head_json":{"title":"Amber Heard \u2013 Johnny Depp : amour, dollars et trahison - Herv\u00e9 Trop\u00e9a","robots":{"index":"index","follow":"follow","max-snippet":"max-snippet:-1","max-image-preview":"max-image-preview:large","max-video-preview":"max-video-preview:-1"},"canonical":"https:\/\/www.hervetropea.com\/fr\/livres\/amber-heard-johnny-depp-amour-dollars-et-trahison\/","og_locale":"fr_FR","og_type":"article","og_title":"Amber Heard \u2013 Johnny Depp : amour, dollars et trahison - Herv\u00e9 Trop\u00e9a","og_description":"disponible Amber Heard \u2013 Johnny Depp : amour, dollars et trahison Le 11&nbsp;avril 2022 \u00e0 Fairfax, en Virginie, s\u2019ouvre un proc\u00e8s qui passionne le monde entier&nbsp;: Amber Heard et Johnny Depp s\u2019accusent de violences conjugales et de diffamation, demandant \u00e0 l\u2019autre des millions de dollars \u00e0 titre d\u2019indemnit\u00e9s. Film\u00e9 en direct, le proc\u00e8s d\u00e9cha\u00eene le [&hellip;]","og_url":"https:\/\/www.hervetropea.com\/fr\/livres\/amber-heard-johnny-depp-amour-dollars-et-trahison\/","og_site_name":"Herv\u00e9 Trop\u00e9a","article_modified_time":"2024-06-26T19:15:33+00:00","og_image":[{"url":"https:\/\/www.hervetropea.com\/wp-content\/uploads\/cover_amber-heard-johnny-depp_amour-dollars-trahison.webp","type":"","width":"","height":""}],"twitter_card":"summary_large_image","twitter_misc":{"Dur\u00e9e de lecture estim\u00e9e":"1 minute"},"schema":{"@context":"https:\/\/schema.org","@graph":[{"@type":"WebPage","@id":"https:\/\/www.hervetropea.com\/fr\/livres\/amber-heard-johnny-depp-amour-dollars-et-trahison\/","url":"https:\/\/www.hervetropea.com\/fr\/livres\/amber-heard-johnny-depp-amour-dollars-et-trahison\/","name":"Amber Heard \u2013 Johnny Depp : amour, dollars et trahison - Herv\u00e9 Trop\u00e9a","isPartOf":{"@id":"https:\/\/www.hervetropea.com\/fr\/#website"},"primaryImageOfPage":{"@id":"https:\/\/www.hervetropea.com\/fr\/livres\/amber-heard-johnny-depp-amour-dollars-et-trahison\/#primaryimage"},"image":{"@id":"https:\/\/www.hervetropea.com\/fr\/livres\/amber-heard-johnny-depp-amour-dollars-et-trahison\/#primaryimage"},"thumbnailUrl":"https:\/\/www.hervetropea.com\/wp-content\/uploads\/cover_amber-heard-johnny-depp_amour-dollars-trahison.webp","datePublished":"2023-07-09T22:17:10+00:00","dateModified":"2024-06-26T19:15:33+00:00","breadcrumb":{"@id":"https:\/\/www.hervetropea.com\/fr\/livres\/amber-heard-johnny-depp-amour-dollars-et-trahison\/#breadcrumb"},"inLanguage":"fr-FR","potentialAction":[{"@type":"ReadAction","target":["https:\/\/www.hervetropea.com\/fr\/livres\/amber-heard-johnny-depp-amour-dollars-et-trahison\/"]}]},{"@type":"ImageObject","inLanguage":"fr-FR","@id":"https:\/\/www.hervetropea.com\/fr\/livres\/amber-heard-johnny-depp-amour-dollars-et-trahison\/#primaryimage","url":"https:\/\/www.hervetropea.com\/wp-content\/uploads\/cover_amber-heard-johnny-depp_amour-dollars-trahison.webp","contentUrl":"https:\/\/www.hervetropea.com\/wp-content\/uploads\/cover_amber-heard-johnny-depp_amour-dollars-trahison.webp"},{"@type":"BreadcrumbList","@id":"https:\/\/www.hervetropea.com\/fr\/livres\/amber-heard-johnny-depp-amour-dollars-et-trahison\/#breadcrumb","itemListElement":[{"@type":"ListItem","position":1,"name":"Home","item":"https:\/\/www.hervetropea.com\/fr\/"},{"@type":"ListItem","position":2,"name":"Livres","item":"https:\/\/www.hervetropea.com\/fr\/livres\/"},{"@type":"ListItem","position":3,"name":"Amber Heard \u2013 Johnny Depp : amour, dollars et trahison"}]},{"@type":"WebSite","@id":"https:\/\/www.hervetropea.com\/fr\/#website","url":"https:\/\/www.hervetropea.com\/fr\/","name":"Herv\u00e9 Trop\u00e9a","description":"","publisher":{"@id":"https:\/\/www.hervetropea.com\/fr\/#\/schema\/person\/a9eedb2099cb5b9fb60332e73c6d0a79"},"potentialAction":[{"@type":"SearchAction","target":{"@type":"EntryPoint","urlTemplate":"https:\/\/www.hervetropea.com\/fr\/?s={search_term_string}"},"query-input":{"@type":"PropertyValueSpecification","valueRequired":true,"valueName":"search_term_string"}}],"inLanguage":"fr-FR"},{"@type":["Person","Organization"],"@id":"https:\/\/www.hervetropea.com\/fr\/#\/schema\/person\/a9eedb2099cb5b9fb60332e73c6d0a79","name":"Herv\u00e9 Tropea","image":{"@type":"ImageObject","inLanguage":"fr-FR","@id":"https:\/\/www.hervetropea.com\/wp-content\/uploads\/photo_herve-tropea-hero1.jpg","url":"https:\/\/www.hervetropea.com\/wp-content\/uploads\/photo_herve-tropea-hero1.jpg","contentUrl":"https:\/\/www.hervetropea.com\/wp-content\/uploads\/photo_herve-tropea-hero1.jpg","width":600,"height":900,"caption":"Herv\u00e9 Tropea"},"logo":{"@id":"https:\/\/www.hervetropea.com\/wp-content\/uploads\/photo_herve-tropea-hero1.jpg"},"sameAs":["https:\/\/www.linkedin.com\/in\/herve-tropea-218a3594\/"]}]}},"_links":{"self":[{"href":"https:\/\/www.hervetropea.com\/fr\/wp-json\/wp\/v2\/pages\/3464","targetHints":{"allow":["GET"]}}],"collection":[{"href":"https:\/\/www.hervetropea.com\/fr\/wp-json\/wp\/v2\/pages"}],"about":[{"href":"https:\/\/www.hervetropea.com\/fr\/wp-json\/wp\/v2\/types\/page"}],"author":[{"embeddable":true,"href":"https:\/\/www.hervetropea.com\/fr\/wp-json\/wp\/v2\/users\/1"}],"replies":[{"embeddable":true,"href":"https:\/\/www.hervetropea.com\/fr\/wp-json\/wp\/v2\/comments?post=3464"}],"version-history":[{"count":5,"href":"https:\/\/www.hervetropea.com\/fr\/wp-json\/wp\/v2\/pages\/3464\/revisions"}],"predecessor-version":[{"id":3574,"href":"https:\/\/www.hervetropea.com\/fr\/wp-json\/wp\/v2\/pages\/3464\/revisions\/3574"}],"up":[{"embeddable":true,"href":"https:\/\/www.hervetropea.com\/fr\/wp-json\/wp\/v2\/pages\/2731"}],"wp:attachment":[{"href":"https:\/\/www.hervetropea.com\/fr\/wp-json\/wp\/v2\/media?parent=3464"}],"curies":[{"name":"wp","href":"https:\/\/api.w.org\/{rel}","templated":true}]}}