{"id":2736,"date":"2022-10-25T14:18:23","date_gmt":"2022-10-25T22:18:23","guid":{"rendered":"https:\/\/www.hervetropea.com\/?page_id=2736"},"modified":"2024-06-26T11:16:36","modified_gmt":"2024-06-26T19:16:36","slug":"celine-dion-la-vraie-histoire","status":"publish","type":"page","link":"https:\/\/www.hervetropea.com\/fr\/livres\/celine-dion-la-vraie-histoire\/","title":{"rendered":"C\u00e9line Dion : la vraie histoire"},"content":{"rendered":"\n<div class=\"inherit-container-width wp-block-group alignfull panel__book-featured has-primary-container-alt-background-color has-background is-layout-constrained wp-block-group-is-layout-constrained\"><div class=\"wp-block-group__inner-container\">\n<div class=\"wp-block-columns alignfull are-vertically-aligned-center is-layout-flex wp-container-core-columns-is-layout-28f84493 wp-block-columns-is-layout-flex\">\n<div class=\"wp-block-column is-vertically-aligned-center col__image-cover is-layout-flow wp-block-column-is-layout-flow\">\n<figure class=\"wp-block-image size-full image-cover\"><img loading=\"lazy\" decoding=\"async\" width=\"400\" height=\"630\" src=\"https:\/\/www.hervetropea.com\/wp-content\/uploads\/cover_celine-dion_la-vraire-historie.webp\" alt=\"Couverture de C\u00e9line Dion \u2013 La vraie historie par Herve Tropea\" class=\"wp-image-2530\" srcset=\"https:\/\/www.hervetropea.com\/wp-content\/uploads\/cover_celine-dion_la-vraire-historie.webp 400w, https:\/\/www.hervetropea.com\/wp-content\/uploads\/cover_celine-dion_la-vraire-historie-317x500.webp 317w\" sizes=\"auto, (max-width: 400px) 100vw, 400px\" \/><\/figure>\n<\/div>\n\n\n\n<div class=\"wp-block-column is-vertically-aligned-center is-layout-flow wp-block-column-is-layout-flow\">\n<p class=\"eyebrow\">Disponible<\/p>\n\n\n\n<h1 class=\"wp-block-heading maxw-14\">C\u00e9line Dion : <br>la vraie histoire<\/h1>\n\n\n\n<p>Elle dit qu\u2019elle est un \u00ab livre ouvert \u00bb et que ses fans savent tout de sa vie. Ce n\u2019est pas compl\u00e8tement vrai&#8230; De C\u00e9line Dion, star hors norme aux 240 millions de disques vendus, on ignore encore bien des choses : sa d\u00e9termination \u00e0 avoir une carri\u00e8re \u00e0 la Michael Jackson, bien avant que sa route ne croise celle de Ren\u00e9 Ang\u00e9lil ; ses ruses pour le faire succomber ; la mani\u00e8re dont elle a r\u00e9agi aux accusations de viol contre lui ; la fa\u00e7on dont elle pousse toujours plus loin son corps et sa voix, au risque de s\u2019ab\u00eemer ; son immense solitude. Imperm\u00e9able aux moqueries \u2013 elle y voit un hommage \u2013 et aux caricatures, elle est tr\u00e8s intelligente, incroyablement cash, dr\u00f4le et attachante. Ni prude ni soumise, C\u00e9line sait aussi \u00eatre tranchante. Elle n\u2019a vacill\u00e9 que lorsqu\u2019elle a perdu les deux piliers de sa vie : son mari en 2016 et sa m\u00e8re Th\u00e9r\u00e8se en 2020. Depuis, le monde entier s\u2019inqui\u00e8te pour sa sant\u00e9 mentale et physique.<\/p>\n\n\n\n<div class=\"wp-block-buttons is-layout-flex wp-block-buttons-is-layout-flex\">\n<div class=\"wp-block-button is-style-btn-primary\"><a class=\"wp-block-button__link wp-element-button\" href=\"https:\/\/www.lisez.com\/livre-grand-format\/celine-dion-la-vraie-histoire\/9782221264614\" target=\"_blank\" rel=\"noreferrer noopener\">Acheter chez l&rsquo;\u00e9diteur<\/a><\/div>\n\n\n\n<div class=\"wp-block-button is-style-btn-primary\"><a class=\"wp-block-button__link wp-element-button\" href=\"https:\/\/www.amazon.com\/C\u00e9line-Dion-histoire-Laurence-Pieau\/dp\/2221264614\/ref=sr_1_1?crid=192Y333DKHWO6&amp;keywords=celine+Dion+la+vraie+histoire&amp;qid=1666722269&amp;sprefix=celine+dion+la+vraie+histoire%2Caps%2C191&amp;sr=8-1\" target=\"_blank\" rel=\"noreferrer noopener\">Acheter sur Amazon<\/a><\/div>\n<\/div>\n<\/div>\n<\/div>\n<\/div><\/div>\n\n\n\n<div class=\"inherit-container-width wp-block-group alignfull panel__books-additional has-primary-container-alt-background-color has-background is-layout-constrained wp-block-group-is-layout-constrained\"><div class=\"wp-block-group__inner-container\">\n<h2 class=\"wp-block-heading has-text-align-center\">Ouvrages compl\u00e9mentaires d&rsquo;Herv\u00e9 Trop\u00e9a<\/h2>\n\n\n\n<div class=\"wp-block-group books-grid is-layout-constrained wp-block-group-is-layout-constrained\"><div class=\"wp-block-group__inner-container\"><a href=\"\/fr\/livres\/friends-forever\/\"    class=\"wp-block-tiptip-hyperlink-group-block\" >\n<div class=\"inherit-container-width wp-block-group is-layout-constrained wp-block-group-is-layout-constrained\"><div class=\"wp-block-group__inner-container\">\n<figure class=\"wp-block-image aligncenter size-full image-cover\"><img loading=\"lazy\" decoding=\"async\" width=\"400\" height=\"630\" src=\"https:\/\/www.hervetropea.com\/wp-content\/uploads\/cover_friends-forever-book.webp\" alt=\"A cover of the book FRIENDS FOREVER  by Herv\u00e9 Trop\u00e9a and Ana\u00efs Maquin\u00e9-Denecker \" class=\"wp-image-3539\" srcset=\"https:\/\/www.hervetropea.com\/wp-content\/uploads\/cover_friends-forever-book.webp 400w, https:\/\/www.hervetropea.com\/wp-content\/uploads\/cover_friends-forever-book-317x500.webp 317w\" sizes=\"auto, (max-width: 400px) 100vw, 400px\" \/><\/figure>\n\n\n\n<h3 class=\"wp-block-heading has-text-align-center\">Friends Forever <\/h3>\n\n\n\n<div class=\"wp-block-buttons is-content-justification-center is-layout-flex wp-container-core-buttons-is-layout-a89b3969 wp-block-buttons-is-layout-flex\">\n\n<div class=\"wp-block-button is-style-btn-primary\"><span class=\"wp-block-button__link wp-element-button\">Voir les d\u00e9tails<\/span><\/div>\n\n<\/div>\n<\/div><\/div>\n<\/a>\n\n<a href=\"https:\/\/www.hervetropea.com\/books\/angelina-jolie-and-brad-pitt-the-secrets-of-the-divorce-of-the-century\/\"    class=\"wp-block-tiptip-hyperlink-group-block\" >\n<div class=\"inherit-container-width wp-block-group is-layout-constrained wp-block-group-is-layout-constrained\"><div class=\"wp-block-group__inner-container\">\n<figure class=\"wp-block-image aligncenter size-full image-cover\"><img loading=\"lazy\" decoding=\"async\" width=\"400\" height=\"630\" src=\"https:\/\/www.hervetropea.com\/wp-content\/uploads\/cover_angelina-jolie-brad-pitt-divorce.webp\" alt=\"Angelina Jolie and Brad Pitt: the secrets of the divorce of the century\" class=\"wp-image-3509\" srcset=\"https:\/\/www.hervetropea.com\/wp-content\/uploads\/cover_angelina-jolie-brad-pitt-divorce.webp 400w, https:\/\/www.hervetropea.com\/wp-content\/uploads\/cover_angelina-jolie-brad-pitt-divorce-317x500.webp 317w\" sizes=\"auto, (max-width: 400px) 100vw, 400px\" \/><\/figure>\n\n\n\n<h3 class=\"wp-block-heading has-text-align-center\">Angelina Jolie et Brad Pitt&nbsp;: les secrets du divorce du si\u00e8cle<\/h3>\n\n\n\n<div class=\"wp-block-buttons is-content-justification-center is-layout-flex wp-container-core-buttons-is-layout-a89b3969 wp-block-buttons-is-layout-flex\">\n\n<div class=\"wp-block-button is-style-btn-primary\"><span class=\"wp-block-button__link wp-element-button\">Voir les d\u00e9tails<\/span><\/div>\n\n<\/div>\n<\/div><\/div>\n<\/a>\n\n<a href=\"https:\/\/www.hervetropea.com\/fr\/livres\/amber-heard-johnny-depp-amour-dollars-et-trahison\/\"    class=\"wp-block-tiptip-hyperlink-group-block\" >\n<div class=\"inherit-container-width wp-block-group is-layout-constrained wp-block-group-is-layout-constrained\"><div class=\"wp-block-group__inner-container\">\n<figure class=\"wp-block-image aligncenter size-full image-cover\"><img loading=\"lazy\" decoding=\"async\" width=\"400\" height=\"630\" src=\"https:\/\/www.hervetropea.com\/wp-content\/uploads\/cover_amber-heard-johnny-depp_amour-dollars-trahison.webp\" alt=\"Cover of the Book &quot;Amber Heard - Johnny Depp: Love, Dollars, and Betrayal&quot; by Corinne Calmet &amp; Herv\u00e9 Trop\u00e9a\" class=\"wp-image-3460\" srcset=\"https:\/\/www.hervetropea.com\/wp-content\/uploads\/cover_amber-heard-johnny-depp_amour-dollars-trahison.webp 400w, https:\/\/www.hervetropea.com\/wp-content\/uploads\/cover_amber-heard-johnny-depp_amour-dollars-trahison-317x500.webp 317w\" sizes=\"auto, (max-width: 400px) 100vw, 400px\" \/><\/figure>\n\n\n\n<h3 class=\"wp-block-heading has-text-align-center\">Amber Heard \u2013 Johnny Depp : amour, dollars et trahison<\/h3>\n\n\n\n<div class=\"wp-block-buttons is-content-justification-center is-layout-flex wp-container-core-buttons-is-layout-a89b3969 wp-block-buttons-is-layout-flex\">\n\n<div class=\"wp-block-button is-style-btn-primary\"><span class=\"wp-block-button__link wp-element-button\">Voir les d\u00e9tails<\/span><\/div>\n\n<\/div>\n<\/div><\/div>\n<\/a>\n\n<a href=\"https:\/\/www.hervetropea.com\/fr\/livres\/celine-dion-la-vraie-histoire\/\"    class=\"wp-block-tiptip-hyperlink-group-block\" >\n<div class=\"inherit-container-width wp-block-group is-layout-constrained wp-block-group-is-layout-constrained\"><div class=\"wp-block-group__inner-container\">\n<figure class=\"wp-block-image aligncenter size-full is-resized image-cover\"><img loading=\"lazy\" decoding=\"async\" src=\"https:\/\/www.hervetropea.com\/wp-content\/uploads\/cover_celine-dion_la-vraire-historie.webp\" alt=\"C\u00e9line Dion \u2013 La vraie historie (C\u00e9line Dion \u2013 The True Story)\" class=\"wp-image-2530\" width=\"254\" height=\"400\" srcset=\"https:\/\/www.hervetropea.com\/wp-content\/uploads\/cover_celine-dion_la-vraire-historie.webp 400w, https:\/\/www.hervetropea.com\/wp-content\/uploads\/cover_celine-dion_la-vraire-historie-317x500.webp 317w\" sizes=\"auto, (max-width: 254px) 100vw, 254px\" \/><\/figure>\n\n\n\n<h3 class=\"wp-block-heading has-text-align-center\">C\u00e9line Dion \u2013 la vraie histoire<\/h3>\n\n\n\n<div class=\"wp-block-buttons is-content-justification-center is-layout-flex wp-container-core-buttons-is-layout-a89b3969 wp-block-buttons-is-layout-flex\">\n\n<div class=\"wp-block-button is-style-btn-primary\"><span class=\"wp-block-button__link wp-element-button\">Voir les d\u00e9tails<\/span><\/div>\n\n<\/div>\n<\/div><\/div>\n<\/a>\n\n<a href=\"https:\/\/www.hervetropea.com\/fr\/livres\/paroles-dexperts\/\"    class=\"wp-block-tiptip-hyperlink-group-block\" >\n<div class=\"inherit-container-width wp-block-group is-layout-constrained wp-block-group-is-layout-constrained\"><div class=\"wp-block-group__inner-container\">\n<figure class=\"wp-block-image aligncenter size-full is-resized image-cover\"><img loading=\"lazy\" decoding=\"async\" src=\"https:\/\/www.hervetropea.com\/wp-content\/uploads\/cover_paroles-d-experts.webp\" alt=\"Couverture de Paroles d'Experts par Herve Tropea\" class=\"wp-image-2600\" width=\"254\" height=\"400\" srcset=\"https:\/\/www.hervetropea.com\/wp-content\/uploads\/cover_paroles-d-experts.webp 400w, https:\/\/www.hervetropea.com\/wp-content\/uploads\/cover_paroles-d-experts-317x500.webp 317w\" sizes=\"auto, (max-width: 254px) 100vw, 254px\" \/><\/figure>\n\n\n\n<h3 class=\"wp-block-heading has-text-align-center\">Paroles d&rsquo;Experts<\/h3>\n\n\n\n<div class=\"wp-block-buttons is-content-justification-center is-layout-flex wp-container-core-buttons-is-layout-a89b3969 wp-block-buttons-is-layout-flex\">\n\n<div class=\"wp-block-button is-style-btn-primary\"><span class=\"wp-block-button__link wp-element-button\">Voir les d\u00e9tails<\/span><\/div>\n\n<\/div>\n<\/div><\/div>\n<\/a>\n\n<a href=\"https:\/\/www.hervetropea.com\/fr\/livres\/dr-house-au-scalpel\/\"    class=\"wp-block-tiptip-hyperlink-group-block\" >\n<div class=\"inherit-container-width wp-block-group is-layout-constrained wp-block-group-is-layout-constrained\"><div class=\"wp-block-group__inner-container\">\n<figure class=\"wp-block-image aligncenter size-full is-resized image-cover\"><img loading=\"lazy\" decoding=\"async\" src=\"https:\/\/www.hervetropea.com\/wp-content\/uploads\/cover_dr-house-au-scalpel.webp\" alt=\"Couverture de Dr House au scalpel par Herve Tropea\" class=\"wp-image-2597\" width=\"254\" height=\"400\" srcset=\"https:\/\/www.hervetropea.com\/wp-content\/uploads\/cover_dr-house-au-scalpel.webp 400w, https:\/\/www.hervetropea.com\/wp-content\/uploads\/cover_dr-house-au-scalpel-317x500.webp 317w\" sizes=\"auto, (max-width: 254px) 100vw, 254px\" \/><\/figure>\n\n\n\n<h3 class=\"wp-block-heading has-text-align-center\">Dr House au scalpel<\/h3>\n\n\n\n<div class=\"wp-block-buttons is-content-justification-center is-layout-flex wp-container-core-buttons-is-layout-a89b3969 wp-block-buttons-is-layout-flex\">\n\n<div class=\"wp-block-button is-style-btn-primary\"><span class=\"wp-block-button__link wp-element-button\">Voir les d\u00e9tails<\/span><\/div>\n\n<\/div>\n<\/div><\/div>\n<\/a><\/div><\/div>\n<\/div><\/div>\n","protected":false},"excerpt":{"rendered":"<p>Disponible C\u00e9line Dion : la vraie histoire Elle dit qu\u2019elle est un \u00ab livre ouvert \u00bb et que ses fans savent tout de sa vie. Ce n\u2019est pas compl\u00e8tement vrai&#8230; De C\u00e9line Dion, star hors norme aux 240 millions de disques vendus, on ignore encore bien des choses : sa d\u00e9termination \u00e0 avoir une carri\u00e8re [&hellip;]<\/p>\n","protected":false},"author":1,"featured_media":0,"parent":2731,"menu_order":0,"comment_status":"closed","ping_status":"closed","template":"","meta":{"site-sidebar-layout":"default","site-content-layout":"","ast-site-content-layout":"default","site-content-style":"default","site-sidebar-style":"default","ast-global-header-display":"","ast-banner-title-visibility":"","ast-main-header-display":"","ast-hfb-above-header-display":"","ast-hfb-below-header-display":"","ast-hfb-mobile-header-display":"","site-post-title":"disabled","ast-breadcrumbs-content":"","ast-featured-img":"","footer-sml-layout":"","ast-disable-related-posts":"","theme-transparent-header-meta":"","adv-header-id-meta":"","stick-header-meta":"","header-above-stick-meta":"","header-main-stick-meta":"","header-below-stick-meta":"","astra-migrate-meta-layouts":"set","ast-page-background-enabled":"default","ast-page-background-meta":{"desktop":{"background-color":"var(--ast-global-color-4)","background-image":"","background-repeat":"repeat","background-position":"center center","background-size":"auto","background-attachment":"scroll","background-type":"","background-media":"","overlay-type":"","overlay-color":"","overlay-opacity":"","overlay-gradient":""},"tablet":{"background-color":"","background-image":"","background-repeat":"repeat","background-position":"center center","background-size":"auto","background-attachment":"scroll","background-type":"","background-media":"","overlay-type":"","overlay-color":"","overlay-opacity":"","overlay-gradient":""},"mobile":{"background-color":"","background-image":"","background-repeat":"repeat","background-position":"center center","background-size":"auto","background-attachment":"scroll","background-type":"","background-media":"","overlay-type":"","overlay-color":"","overlay-opacity":"","overlay-gradient":""}},"ast-content-background-meta":{"desktop":{"background-color":"var(--ast-global-color-5)","background-image":"","background-repeat":"repeat","background-position":"center center","background-size":"auto","background-attachment":"scroll","background-type":"","background-media":"","overlay-type":"","overlay-color":"","overlay-opacity":"","overlay-gradient":""},"tablet":{"background-color":"var(--ast-global-color-5)","background-image":"","background-repeat":"repeat","background-position":"center center","background-size":"auto","background-attachment":"scroll","background-type":"","background-media":"","overlay-type":"","overlay-color":"","overlay-opacity":"","overlay-gradient":""},"mobile":{"background-color":"var(--ast-global-color-5)","background-image":"","background-repeat":"repeat","background-position":"center center","background-size":"auto","background-attachment":"scroll","background-type":"","background-media":"","overlay-type":"","overlay-color":"","overlay-opacity":"","overlay-gradient":""}},"footnotes":""},"class_list":["post-2736","page","type-page","status-publish","hentry"],"yoast_head":"<!-- This site is optimized with the Yoast SEO plugin v27.3 - https:\/\/yoast.com\/product\/yoast-seo-wordpress\/ -->\n<title>C\u00e9line Dion : la vraie histoire - Herv\u00e9 Trop\u00e9a<\/title>\n<meta name=\"robots\" content=\"index, follow, max-snippet:-1, max-image-preview:large, max-video-preview:-1\" \/>\n<link rel=\"canonical\" href=\"https:\/\/www.hervetropea.com\/fr\/livres\/celine-dion-la-vraie-histoire\/\" \/>\n<meta property=\"og:locale\" content=\"fr_FR\" \/>\n<meta property=\"og:type\" content=\"article\" \/>\n<meta property=\"og:title\" content=\"C\u00e9line Dion : la vraie histoire - Herv\u00e9 Trop\u00e9a\" \/>\n<meta property=\"og:description\" content=\"Disponible C\u00e9line Dion : la vraie histoire Elle dit qu\u2019elle est un \u00ab livre ouvert \u00bb et que ses fans savent tout de sa vie. Ce n\u2019est pas compl\u00e8tement vrai&#8230; De C\u00e9line Dion, star hors norme aux 240 millions de disques vendus, on ignore encore bien des choses : sa d\u00e9termination \u00e0 avoir une carri\u00e8re [&hellip;]\" \/>\n<meta property=\"og:url\" content=\"https:\/\/www.hervetropea.com\/fr\/livres\/celine-dion-la-vraie-histoire\/\" \/>\n<meta property=\"og:site_name\" content=\"Herv\u00e9 Trop\u00e9a\" \/>\n<meta property=\"article:modified_time\" content=\"2024-06-26T19:16:36+00:00\" \/>\n<meta property=\"og:image\" content=\"https:\/\/www.hervetropea.com\/wp-content\/uploads\/cover_celine-dion_la-vraire-historie.webp\" \/>\n<meta name=\"twitter:card\" content=\"summary_large_image\" \/>\n<meta name=\"twitter:label1\" content=\"Dur\u00e9e de lecture estim\u00e9e\" \/>\n\t<meta name=\"twitter:data1\" content=\"1 minute\" \/>\n<script type=\"application\/ld+json\" class=\"yoast-schema-graph\">{\"@context\":\"https:\\\/\\\/schema.org\",\"@graph\":[{\"@type\":\"WebPage\",\"@id\":\"https:\\\/\\\/www.hervetropea.com\\\/fr\\\/livres\\\/celine-dion-la-vraie-histoire\\\/\",\"url\":\"https:\\\/\\\/www.hervetropea.com\\\/fr\\\/livres\\\/celine-dion-la-vraie-histoire\\\/\",\"name\":\"C\u00e9line Dion : la vraie histoire - Herv\u00e9 Trop\u00e9a\",\"isPartOf\":{\"@id\":\"https:\\\/\\\/www.hervetropea.com\\\/fr\\\/#website\"},\"primaryImageOfPage\":{\"@id\":\"https:\\\/\\\/www.hervetropea.com\\\/fr\\\/livres\\\/celine-dion-la-vraie-histoire\\\/#primaryimage\"},\"image\":{\"@id\":\"https:\\\/\\\/www.hervetropea.com\\\/fr\\\/livres\\\/celine-dion-la-vraie-histoire\\\/#primaryimage\"},\"thumbnailUrl\":\"https:\\\/\\\/www.hervetropea.com\\\/wp-content\\\/uploads\\\/cover_celine-dion_la-vraire-historie.webp\",\"datePublished\":\"2022-10-25T22:18:23+00:00\",\"dateModified\":\"2024-06-26T19:16:36+00:00\",\"breadcrumb\":{\"@id\":\"https:\\\/\\\/www.hervetropea.com\\\/fr\\\/livres\\\/celine-dion-la-vraie-histoire\\\/#breadcrumb\"},\"inLanguage\":\"fr-FR\",\"potentialAction\":[{\"@type\":\"ReadAction\",\"target\":[\"https:\\\/\\\/www.hervetropea.com\\\/fr\\\/livres\\\/celine-dion-la-vraie-histoire\\\/\"]}]},{\"@type\":\"ImageObject\",\"inLanguage\":\"fr-FR\",\"@id\":\"https:\\\/\\\/www.hervetropea.com\\\/fr\\\/livres\\\/celine-dion-la-vraie-histoire\\\/#primaryimage\",\"url\":\"https:\\\/\\\/www.hervetropea.com\\\/wp-content\\\/uploads\\\/cover_celine-dion_la-vraire-historie.webp\",\"contentUrl\":\"https:\\\/\\\/www.hervetropea.com\\\/wp-content\\\/uploads\\\/cover_celine-dion_la-vraire-historie.webp\"},{\"@type\":\"BreadcrumbList\",\"@id\":\"https:\\\/\\\/www.hervetropea.com\\\/fr\\\/livres\\\/celine-dion-la-vraie-histoire\\\/#breadcrumb\",\"itemListElement\":[{\"@type\":\"ListItem\",\"position\":1,\"name\":\"Home\",\"item\":\"https:\\\/\\\/www.hervetropea.com\\\/fr\\\/\"},{\"@type\":\"ListItem\",\"position\":2,\"name\":\"Livres\",\"item\":\"https:\\\/\\\/www.hervetropea.com\\\/fr\\\/livres\\\/\"},{\"@type\":\"ListItem\",\"position\":3,\"name\":\"C\u00e9line Dion : la vraie histoire\"}]},{\"@type\":\"WebSite\",\"@id\":\"https:\\\/\\\/www.hervetropea.com\\\/fr\\\/#website\",\"url\":\"https:\\\/\\\/www.hervetropea.com\\\/fr\\\/\",\"name\":\"Herv\u00e9 Trop\u00e9a\",\"description\":\"\",\"publisher\":{\"@id\":\"https:\\\/\\\/www.hervetropea.com\\\/fr\\\/#\\\/schema\\\/person\\\/a9eedb2099cb5b9fb60332e73c6d0a79\"},\"potentialAction\":[{\"@type\":\"SearchAction\",\"target\":{\"@type\":\"EntryPoint\",\"urlTemplate\":\"https:\\\/\\\/www.hervetropea.com\\\/fr\\\/?s={search_term_string}\"},\"query-input\":{\"@type\":\"PropertyValueSpecification\",\"valueRequired\":true,\"valueName\":\"search_term_string\"}}],\"inLanguage\":\"fr-FR\"},{\"@type\":[\"Person\",\"Organization\"],\"@id\":\"https:\\\/\\\/www.hervetropea.com\\\/fr\\\/#\\\/schema\\\/person\\\/a9eedb2099cb5b9fb60332e73c6d0a79\",\"name\":\"Herv\u00e9 Tropea\",\"image\":{\"@type\":\"ImageObject\",\"inLanguage\":\"fr-FR\",\"@id\":\"https:\\\/\\\/www.hervetropea.com\\\/wp-content\\\/uploads\\\/photo_herve-tropea-hero1.jpg\",\"url\":\"https:\\\/\\\/www.hervetropea.com\\\/wp-content\\\/uploads\\\/photo_herve-tropea-hero1.jpg\",\"contentUrl\":\"https:\\\/\\\/www.hervetropea.com\\\/wp-content\\\/uploads\\\/photo_herve-tropea-hero1.jpg\",\"width\":600,\"height\":900,\"caption\":\"Herv\u00e9 Tropea\"},\"logo\":{\"@id\":\"https:\\\/\\\/www.hervetropea.com\\\/wp-content\\\/uploads\\\/photo_herve-tropea-hero1.jpg\"},\"sameAs\":[\"https:\\\/\\\/www.linkedin.com\\\/in\\\/herve-tropea-218a3594\\\/\"]}]}<\/script>\n<!-- \/ Yoast SEO plugin. -->","yoast_head_json":{"title":"C\u00e9line Dion : la vraie histoire - Herv\u00e9 Trop\u00e9a","robots":{"index":"index","follow":"follow","max-snippet":"max-snippet:-1","max-image-preview":"max-image-preview:large","max-video-preview":"max-video-preview:-1"},"canonical":"https:\/\/www.hervetropea.com\/fr\/livres\/celine-dion-la-vraie-histoire\/","og_locale":"fr_FR","og_type":"article","og_title":"C\u00e9line Dion : la vraie histoire - Herv\u00e9 Trop\u00e9a","og_description":"Disponible C\u00e9line Dion : la vraie histoire Elle dit qu\u2019elle est un \u00ab livre ouvert \u00bb et que ses fans savent tout de sa vie. Ce n\u2019est pas compl\u00e8tement vrai&#8230; De C\u00e9line Dion, star hors norme aux 240 millions de disques vendus, on ignore encore bien des choses : sa d\u00e9termination \u00e0 avoir une carri\u00e8re [&hellip;]","og_url":"https:\/\/www.hervetropea.com\/fr\/livres\/celine-dion-la-vraie-histoire\/","og_site_name":"Herv\u00e9 Trop\u00e9a","article_modified_time":"2024-06-26T19:16:36+00:00","og_image":[{"url":"https:\/\/www.hervetropea.com\/wp-content\/uploads\/cover_celine-dion_la-vraire-historie.webp","type":"","width":"","height":""}],"twitter_card":"summary_large_image","twitter_misc":{"Dur\u00e9e de lecture estim\u00e9e":"1 minute"},"schema":{"@context":"https:\/\/schema.org","@graph":[{"@type":"WebPage","@id":"https:\/\/www.hervetropea.com\/fr\/livres\/celine-dion-la-vraie-histoire\/","url":"https:\/\/www.hervetropea.com\/fr\/livres\/celine-dion-la-vraie-histoire\/","name":"C\u00e9line Dion : la vraie histoire - Herv\u00e9 Trop\u00e9a","isPartOf":{"@id":"https:\/\/www.hervetropea.com\/fr\/#website"},"primaryImageOfPage":{"@id":"https:\/\/www.hervetropea.com\/fr\/livres\/celine-dion-la-vraie-histoire\/#primaryimage"},"image":{"@id":"https:\/\/www.hervetropea.com\/fr\/livres\/celine-dion-la-vraie-histoire\/#primaryimage"},"thumbnailUrl":"https:\/\/www.hervetropea.com\/wp-content\/uploads\/cover_celine-dion_la-vraire-historie.webp","datePublished":"2022-10-25T22:18:23+00:00","dateModified":"2024-06-26T19:16:36+00:00","breadcrumb":{"@id":"https:\/\/www.hervetropea.com\/fr\/livres\/celine-dion-la-vraie-histoire\/#breadcrumb"},"inLanguage":"fr-FR","potentialAction":[{"@type":"ReadAction","target":["https:\/\/www.hervetropea.com\/fr\/livres\/celine-dion-la-vraie-histoire\/"]}]},{"@type":"ImageObject","inLanguage":"fr-FR","@id":"https:\/\/www.hervetropea.com\/fr\/livres\/celine-dion-la-vraie-histoire\/#primaryimage","url":"https:\/\/www.hervetropea.com\/wp-content\/uploads\/cover_celine-dion_la-vraire-historie.webp","contentUrl":"https:\/\/www.hervetropea.com\/wp-content\/uploads\/cover_celine-dion_la-vraire-historie.webp"},{"@type":"BreadcrumbList","@id":"https:\/\/www.hervetropea.com\/fr\/livres\/celine-dion-la-vraie-histoire\/#breadcrumb","itemListElement":[{"@type":"ListItem","position":1,"name":"Home","item":"https:\/\/www.hervetropea.com\/fr\/"},{"@type":"ListItem","position":2,"name":"Livres","item":"https:\/\/www.hervetropea.com\/fr\/livres\/"},{"@type":"ListItem","position":3,"name":"C\u00e9line Dion : la vraie histoire"}]},{"@type":"WebSite","@id":"https:\/\/www.hervetropea.com\/fr\/#website","url":"https:\/\/www.hervetropea.com\/fr\/","name":"Herv\u00e9 Trop\u00e9a","description":"","publisher":{"@id":"https:\/\/www.hervetropea.com\/fr\/#\/schema\/person\/a9eedb2099cb5b9fb60332e73c6d0a79"},"potentialAction":[{"@type":"SearchAction","target":{"@type":"EntryPoint","urlTemplate":"https:\/\/www.hervetropea.com\/fr\/?s={search_term_string}"},"query-input":{"@type":"PropertyValueSpecification","valueRequired":true,"valueName":"search_term_string"}}],"inLanguage":"fr-FR"},{"@type":["Person","Organization"],"@id":"https:\/\/www.hervetropea.com\/fr\/#\/schema\/person\/a9eedb2099cb5b9fb60332e73c6d0a79","name":"Herv\u00e9 Tropea","image":{"@type":"ImageObject","inLanguage":"fr-FR","@id":"https:\/\/www.hervetropea.com\/wp-content\/uploads\/photo_herve-tropea-hero1.jpg","url":"https:\/\/www.hervetropea.com\/wp-content\/uploads\/photo_herve-tropea-hero1.jpg","contentUrl":"https:\/\/www.hervetropea.com\/wp-content\/uploads\/photo_herve-tropea-hero1.jpg","width":600,"height":900,"caption":"Herv\u00e9 Tropea"},"logo":{"@id":"https:\/\/www.hervetropea.com\/wp-content\/uploads\/photo_herve-tropea-hero1.jpg"},"sameAs":["https:\/\/www.linkedin.com\/in\/herve-tropea-218a3594\/"]}]}},"_links":{"self":[{"href":"https:\/\/www.hervetropea.com\/fr\/wp-json\/wp\/v2\/pages\/2736","targetHints":{"allow":["GET"]}}],"collection":[{"href":"https:\/\/www.hervetropea.com\/fr\/wp-json\/wp\/v2\/pages"}],"about":[{"href":"https:\/\/www.hervetropea.com\/fr\/wp-json\/wp\/v2\/types\/page"}],"author":[{"embeddable":true,"href":"https:\/\/www.hervetropea.com\/fr\/wp-json\/wp\/v2\/users\/1"}],"replies":[{"embeddable":true,"href":"https:\/\/www.hervetropea.com\/fr\/wp-json\/wp\/v2\/comments?post=2736"}],"version-history":[{"count":8,"href":"https:\/\/www.hervetropea.com\/fr\/wp-json\/wp\/v2\/pages\/2736\/revisions"}],"predecessor-version":[{"id":3577,"href":"https:\/\/www.hervetropea.com\/fr\/wp-json\/wp\/v2\/pages\/2736\/revisions\/3577"}],"up":[{"embeddable":true,"href":"https:\/\/www.hervetropea.com\/fr\/wp-json\/wp\/v2\/pages\/2731"}],"wp:attachment":[{"href":"https:\/\/www.hervetropea.com\/fr\/wp-json\/wp\/v2\/media?parent=2736"}],"curies":[{"name":"wp","href":"https:\/\/api.w.org\/{rel}","templated":true}]}}