{"id":2731,"date":"2022-10-25T13:54:27","date_gmt":"2022-10-25T21:54:27","guid":{"rendered":"https:\/\/www.hervetropea.com\/books\/"},"modified":"2022-10-26T09:21:50","modified_gmt":"2022-10-26T17:21:50","slug":"livres","status":"publish","type":"page","link":"https:\/\/www.hervetropea.com\/fr\/livres\/","title":{"rendered":"Livres"},"content":{"rendered":"\n<div class=\"inherit-container-width wp-block-group alignfull panel__header has-container-background-color has-background is-layout-constrained wp-block-group-is-layout-constrained\"><div class=\"wp-block-group__inner-container\">\n<p class=\"has-text-align-center eyebrow\">Livres<\/p>\n\n\n\n<h1 class=\"has-text-align-center maxw-20 wp-block-heading\">Livres disponibles d&rsquo;Herv\u00e9 Trop\u00e9a<\/h1>\n<\/div><\/div>\n\n\n\n<div class=\"inherit-container-width wp-block-group alignfull panel__book-featured is-layout-constrained wp-block-group-is-layout-constrained\"><div class=\"wp-block-group__inner-container\">\n<div class=\"wp-block-columns alignfull are-vertically-aligned-center is-layout-flex wp-container-core-columns-is-layout-28f84493 wp-block-columns-is-layout-flex\">\n<div class=\"wp-block-column is-vertically-aligned-center col__image-cover is-layout-flow wp-block-column-is-layout-flow\">\n<figure class=\"wp-block-image size-full image-cover\"><img loading=\"lazy\" decoding=\"async\" width=\"400\" height=\"630\" src=\"https:\/\/www.hervetropea.com\/wp-content\/uploads\/cover_friends-forever-book.webp\" alt=\"Friends Forever - Rachel, Joey, Monica... Que sont-ils devenus?\" class=\"wp-image-3540\" srcset=\"https:\/\/www.hervetropea.com\/wp-content\/uploads\/cover_friends-forever-book.webp 400w, https:\/\/www.hervetropea.com\/wp-content\/uploads\/cover_friends-forever-book-317x500.webp 317w\" sizes=\"auto, (max-width: 400px) 100vw, 400px\" \/><\/figure>\n<\/div>\n\n\n\n<div class=\"wp-block-column is-vertically-aligned-center is-layout-flow wp-block-column-is-layout-flow\">\n<p class=\"eyebrow\">disponible<\/p>\n\n\n\n<h2 class=\"wp-block-heading\">Friends Forever : Rachel, Joey, Monica\u2026 Que sont-ils devenus ?<\/h2>\n\n\n\n<p>Rarement une s\u00e9rie aura touch\u00e9 autant de g\u00e9n\u00e9rations. Friends, diffus\u00e9e pour la premi\u00e8re fois il y a 30 ans aux \u00c9tats-Unis. le 22 septembre 1994, a marqu\u00e9 les c\u0153urs et les esprits. Que sont devenus nos acteurs pr\u00e9f\u00e9r\u00e9s depuis ?<\/p>\n\n\n\n<div class=\"wp-block-buttons is-layout-flex wp-block-buttons-is-layout-flex\">\n<div class=\"wp-block-button is-style-btn-primary\"><a class=\"wp-block-button__link wp-element-button\" href=\"\/fr\/livres\/friends-forever\/\">Afficher les d\u00e9tails du livre<\/a><\/div>\n\n\n\n<div class=\"wp-block-button is-style-btn-secondary\"><a class=\"wp-block-button__link wp-element-button\" href=\"\/fr\/livres\/friends-forever\/\">Acheter le livre<\/a><\/div>\n<\/div>\n<\/div>\n<\/div>\n<\/div><\/div>\n\n\n\n<div class=\"inherit-container-width wp-block-group alignfull panel__books-additional has-primary-container-alt-background-color has-background is-layout-constrained wp-block-group-is-layout-constrained\"><div class=\"wp-block-group__inner-container\">\n<h2 class=\"wp-block-heading has-text-align-center\">Ouvrages compl\u00e9mentaires d&rsquo;Herv\u00e9 Trop\u00e9a<\/h2>\n\n\n\n<div class=\"wp-block-group books-grid is-layout-constrained wp-block-group-is-layout-constrained\"><div class=\"wp-block-group__inner-container\"><a href=\"\/fr\/livres\/friends-forever\/\"    class=\"wp-block-tiptip-hyperlink-group-block\" >\n<div class=\"inherit-container-width wp-block-group is-layout-constrained wp-block-group-is-layout-constrained\"><div class=\"wp-block-group__inner-container\">\n<figure class=\"wp-block-image aligncenter size-full image-cover\"><img loading=\"lazy\" decoding=\"async\" width=\"400\" height=\"630\" src=\"https:\/\/www.hervetropea.com\/wp-content\/uploads\/cover_friends-forever-book.webp\" alt=\"A cover of the book FRIENDS FOREVER  by Herv\u00e9 Trop\u00e9a and Ana\u00efs Maquin\u00e9-Denecker \" class=\"wp-image-3539\" srcset=\"https:\/\/www.hervetropea.com\/wp-content\/uploads\/cover_friends-forever-book.webp 400w, https:\/\/www.hervetropea.com\/wp-content\/uploads\/cover_friends-forever-book-317x500.webp 317w\" sizes=\"auto, (max-width: 400px) 100vw, 400px\" \/><\/figure>\n\n\n\n<h3 class=\"wp-block-heading has-text-align-center\">Friends Forever <\/h3>\n\n\n\n<div class=\"wp-block-buttons is-content-justification-center is-layout-flex wp-container-core-buttons-is-layout-a89b3969 wp-block-buttons-is-layout-flex\">\n\n<div class=\"wp-block-button is-style-btn-primary\"><span class=\"wp-block-button__link wp-element-button\">Voir les d\u00e9tails<\/span><\/div>\n\n<\/div>\n<\/div><\/div>\n<\/a>\n\n<a href=\"https:\/\/www.hervetropea.com\/books\/angelina-jolie-and-brad-pitt-the-secrets-of-the-divorce-of-the-century\/\"    class=\"wp-block-tiptip-hyperlink-group-block\" >\n<div class=\"inherit-container-width wp-block-group is-layout-constrained wp-block-group-is-layout-constrained\"><div class=\"wp-block-group__inner-container\">\n<figure class=\"wp-block-image aligncenter size-full image-cover\"><img loading=\"lazy\" decoding=\"async\" width=\"400\" height=\"630\" src=\"https:\/\/www.hervetropea.com\/wp-content\/uploads\/cover_angelina-jolie-brad-pitt-divorce.webp\" alt=\"Angelina Jolie and Brad Pitt: the secrets of the divorce of the century\" class=\"wp-image-3509\" srcset=\"https:\/\/www.hervetropea.com\/wp-content\/uploads\/cover_angelina-jolie-brad-pitt-divorce.webp 400w, https:\/\/www.hervetropea.com\/wp-content\/uploads\/cover_angelina-jolie-brad-pitt-divorce-317x500.webp 317w\" sizes=\"auto, (max-width: 400px) 100vw, 400px\" \/><\/figure>\n\n\n\n<h3 class=\"wp-block-heading has-text-align-center\">Angelina Jolie et Brad Pitt&nbsp;: les secrets du divorce du si\u00e8cle<\/h3>\n\n\n\n<div class=\"wp-block-buttons is-content-justification-center is-layout-flex wp-container-core-buttons-is-layout-a89b3969 wp-block-buttons-is-layout-flex\">\n\n<div class=\"wp-block-button is-style-btn-primary\"><span class=\"wp-block-button__link wp-element-button\">Voir les d\u00e9tails<\/span><\/div>\n\n<\/div>\n<\/div><\/div>\n<\/a>\n\n<a href=\"https:\/\/www.hervetropea.com\/fr\/livres\/amber-heard-johnny-depp-amour-dollars-et-trahison\/\"    class=\"wp-block-tiptip-hyperlink-group-block\" >\n<div class=\"inherit-container-width wp-block-group is-layout-constrained wp-block-group-is-layout-constrained\"><div class=\"wp-block-group__inner-container\">\n<figure class=\"wp-block-image aligncenter size-full image-cover\"><img loading=\"lazy\" decoding=\"async\" width=\"400\" height=\"630\" src=\"https:\/\/www.hervetropea.com\/wp-content\/uploads\/cover_amber-heard-johnny-depp_amour-dollars-trahison.webp\" alt=\"Cover of the Book &quot;Amber Heard - Johnny Depp: Love, Dollars, and Betrayal&quot; by Corinne Calmet &amp; Herv\u00e9 Trop\u00e9a\" class=\"wp-image-3460\" srcset=\"https:\/\/www.hervetropea.com\/wp-content\/uploads\/cover_amber-heard-johnny-depp_amour-dollars-trahison.webp 400w, https:\/\/www.hervetropea.com\/wp-content\/uploads\/cover_amber-heard-johnny-depp_amour-dollars-trahison-317x500.webp 317w\" sizes=\"auto, (max-width: 400px) 100vw, 400px\" \/><\/figure>\n\n\n\n<h3 class=\"wp-block-heading has-text-align-center\">Amber Heard \u2013 Johnny Depp : amour, dollars et trahison<\/h3>\n\n\n\n<div class=\"wp-block-buttons is-content-justification-center is-layout-flex wp-container-core-buttons-is-layout-a89b3969 wp-block-buttons-is-layout-flex\">\n\n<div class=\"wp-block-button is-style-btn-primary\"><span class=\"wp-block-button__link wp-element-button\">Voir les d\u00e9tails<\/span><\/div>\n\n<\/div>\n<\/div><\/div>\n<\/a>\n\n<a href=\"https:\/\/www.hervetropea.com\/fr\/livres\/celine-dion-la-vraie-histoire\/\"    class=\"wp-block-tiptip-hyperlink-group-block\" >\n<div class=\"inherit-container-width wp-block-group is-layout-constrained wp-block-group-is-layout-constrained\"><div class=\"wp-block-group__inner-container\">\n<figure class=\"wp-block-image aligncenter size-full is-resized image-cover\"><img loading=\"lazy\" decoding=\"async\" src=\"https:\/\/www.hervetropea.com\/wp-content\/uploads\/cover_celine-dion_la-vraire-historie.webp\" alt=\"C\u00e9line Dion \u2013 La vraie historie (C\u00e9line Dion \u2013 The True Story)\" class=\"wp-image-2530\" width=\"254\" height=\"400\" srcset=\"https:\/\/www.hervetropea.com\/wp-content\/uploads\/cover_celine-dion_la-vraire-historie.webp 400w, https:\/\/www.hervetropea.com\/wp-content\/uploads\/cover_celine-dion_la-vraire-historie-317x500.webp 317w\" sizes=\"auto, (max-width: 254px) 100vw, 254px\" \/><\/figure>\n\n\n\n<h3 class=\"wp-block-heading has-text-align-center\">C\u00e9line Dion \u2013 la vraie histoire<\/h3>\n\n\n\n<div class=\"wp-block-buttons is-content-justification-center is-layout-flex wp-container-core-buttons-is-layout-a89b3969 wp-block-buttons-is-layout-flex\">\n\n<div class=\"wp-block-button is-style-btn-primary\"><span class=\"wp-block-button__link wp-element-button\">Voir les d\u00e9tails<\/span><\/div>\n\n<\/div>\n<\/div><\/div>\n<\/a>\n\n<a href=\"https:\/\/www.hervetropea.com\/fr\/livres\/paroles-dexperts\/\"    class=\"wp-block-tiptip-hyperlink-group-block\" >\n<div class=\"inherit-container-width wp-block-group is-layout-constrained wp-block-group-is-layout-constrained\"><div class=\"wp-block-group__inner-container\">\n<figure class=\"wp-block-image aligncenter size-full is-resized image-cover\"><img loading=\"lazy\" decoding=\"async\" src=\"https:\/\/www.hervetropea.com\/wp-content\/uploads\/cover_paroles-d-experts.webp\" alt=\"Couverture de Paroles d'Experts par Herve Tropea\" class=\"wp-image-2600\" width=\"254\" height=\"400\" srcset=\"https:\/\/www.hervetropea.com\/wp-content\/uploads\/cover_paroles-d-experts.webp 400w, https:\/\/www.hervetropea.com\/wp-content\/uploads\/cover_paroles-d-experts-317x500.webp 317w\" sizes=\"auto, (max-width: 254px) 100vw, 254px\" \/><\/figure>\n\n\n\n<h3 class=\"wp-block-heading has-text-align-center\">Paroles d&rsquo;Experts<\/h3>\n\n\n\n<div class=\"wp-block-buttons is-content-justification-center is-layout-flex wp-container-core-buttons-is-layout-a89b3969 wp-block-buttons-is-layout-flex\">\n\n<div class=\"wp-block-button is-style-btn-primary\"><span class=\"wp-block-button__link wp-element-button\">Voir les d\u00e9tails<\/span><\/div>\n\n<\/div>\n<\/div><\/div>\n<\/a>\n\n<a href=\"https:\/\/www.hervetropea.com\/fr\/livres\/dr-house-au-scalpel\/\"    class=\"wp-block-tiptip-hyperlink-group-block\" >\n<div class=\"inherit-container-width wp-block-group is-layout-constrained wp-block-group-is-layout-constrained\"><div class=\"wp-block-group__inner-container\">\n<figure class=\"wp-block-image aligncenter size-full is-resized image-cover\"><img loading=\"lazy\" decoding=\"async\" src=\"https:\/\/www.hervetropea.com\/wp-content\/uploads\/cover_dr-house-au-scalpel.webp\" alt=\"Couverture de Dr House au scalpel par Herve Tropea\" class=\"wp-image-2597\" width=\"254\" height=\"400\" srcset=\"https:\/\/www.hervetropea.com\/wp-content\/uploads\/cover_dr-house-au-scalpel.webp 400w, https:\/\/www.hervetropea.com\/wp-content\/uploads\/cover_dr-house-au-scalpel-317x500.webp 317w\" sizes=\"auto, (max-width: 254px) 100vw, 254px\" \/><\/figure>\n\n\n\n<h3 class=\"wp-block-heading has-text-align-center\">Dr House au scalpel<\/h3>\n\n\n\n<div class=\"wp-block-buttons is-content-justification-center is-layout-flex wp-container-core-buttons-is-layout-a89b3969 wp-block-buttons-is-layout-flex\">\n\n<div class=\"wp-block-button is-style-btn-primary\"><span class=\"wp-block-button__link wp-element-button\">Voir les d\u00e9tails<\/span><\/div>\n\n<\/div>\n<\/div><\/div>\n<\/a><\/div><\/div>\n<\/div><\/div>\n","protected":false},"excerpt":{"rendered":"<p>Livres Livres disponibles d&rsquo;Herv\u00e9 Trop\u00e9a<\/p>\n","protected":false},"author":1,"featured_media":0,"parent":0,"menu_order":2,"comment_status":"closed","ping_status":"closed","template":"","meta":{"site-sidebar-layout":"default","site-content-layout":"","ast-site-content-layout":"default","site-content-style":"default","site-sidebar-style":"default","ast-global-header-display":"","ast-banner-title-visibility":"","ast-main-header-display":"","ast-hfb-above-header-display":"","ast-hfb-below-header-display":"","ast-hfb-mobile-header-display":"","site-post-title":"disabled","ast-breadcrumbs-content":"","ast-featured-img":"","footer-sml-layout":"","ast-disable-related-posts":"","theme-transparent-header-meta":"","adv-header-id-meta":"","stick-header-meta":"","header-above-stick-meta":"","header-main-stick-meta":"","header-below-stick-meta":"","astra-migrate-meta-layouts":"default","ast-page-background-enabled":"default","ast-page-background-meta":{"desktop":{"background-color":"var(--ast-global-color-4)","background-image":"","background-repeat":"repeat","background-position":"center center","background-size":"auto","background-attachment":"scroll","background-type":"","background-media":"","overlay-type":"","overlay-color":"","overlay-opacity":"","overlay-gradient":""},"tablet":{"background-color":"","background-image":"","background-repeat":"repeat","background-position":"center center","background-size":"auto","background-attachment":"scroll","background-type":"","background-media":"","overlay-type":"","overlay-color":"","overlay-opacity":"","overlay-gradient":""},"mobile":{"background-color":"","background-image":"","background-repeat":"repeat","background-position":"center center","background-size":"auto","background-attachment":"scroll","background-type":"","background-media":"","overlay-type":"","overlay-color":"","overlay-opacity":"","overlay-gradient":""}},"ast-content-background-meta":{"desktop":{"background-color":"var(--ast-global-color-5)","background-image":"","background-repeat":"repeat","background-position":"center center","background-size":"auto","background-attachment":"scroll","background-type":"","background-media":"","overlay-type":"","overlay-color":"","overlay-opacity":"","overlay-gradient":""},"tablet":{"background-color":"var(--ast-global-color-5)","background-image":"","background-repeat":"repeat","background-position":"center center","background-size":"auto","background-attachment":"scroll","background-type":"","background-media":"","overlay-type":"","overlay-color":"","overlay-opacity":"","overlay-gradient":""},"mobile":{"background-color":"var(--ast-global-color-5)","background-image":"","background-repeat":"repeat","background-position":"center center","background-size":"auto","background-attachment":"scroll","background-type":"","background-media":"","overlay-type":"","overlay-color":"","overlay-opacity":"","overlay-gradient":""}},"footnotes":""},"class_list":["post-2731","page","type-page","status-publish","hentry"],"yoast_head":"<!-- This site is optimized with the Yoast SEO plugin v27.3 - https:\/\/yoast.com\/product\/yoast-seo-wordpress\/ -->\n<title>Livres - Herv\u00e9 Trop\u00e9a<\/title>\n<meta name=\"robots\" content=\"index, follow, max-snippet:-1, max-image-preview:large, max-video-preview:-1\" \/>\n<link rel=\"canonical\" href=\"https:\/\/www.hervetropea.com\/fr\/livres\/\" \/>\n<meta property=\"og:locale\" content=\"fr_FR\" \/>\n<meta property=\"og:type\" content=\"article\" \/>\n<meta property=\"og:title\" content=\"Livres - Herv\u00e9 Trop\u00e9a\" \/>\n<meta property=\"og:description\" content=\"Livres Livres disponibles d&rsquo;Herv\u00e9 Trop\u00e9a\" \/>\n<meta property=\"og:url\" content=\"https:\/\/www.hervetropea.com\/fr\/livres\/\" \/>\n<meta property=\"og:site_name\" content=\"Herv\u00e9 Trop\u00e9a\" \/>\n<meta property=\"article:modified_time\" content=\"2022-10-26T17:21:50+00:00\" \/>\n<meta property=\"og:image\" content=\"https:\/\/www.hervetropea.com\/wp-content\/uploads\/og_herve-tropea.jpg\" \/>\n\t<meta property=\"og:image:width\" content=\"1200\" \/>\n\t<meta property=\"og:image:height\" content=\"630\" \/>\n\t<meta property=\"og:image:type\" content=\"image\/jpeg\" \/>\n<meta name=\"twitter:card\" content=\"summary_large_image\" \/>\n<meta name=\"twitter:label1\" content=\"Dur\u00e9e de lecture estim\u00e9e\" \/>\n\t<meta name=\"twitter:data1\" content=\"1 minute\" \/>\n<script type=\"application\/ld+json\" class=\"yoast-schema-graph\">{\"@context\":\"https:\\\/\\\/schema.org\",\"@graph\":[{\"@type\":\"WebPage\",\"@id\":\"https:\\\/\\\/www.hervetropea.com\\\/fr\\\/livres\\\/\",\"url\":\"https:\\\/\\\/www.hervetropea.com\\\/fr\\\/livres\\\/\",\"name\":\"Livres - Herv\u00e9 Trop\u00e9a\",\"isPartOf\":{\"@id\":\"https:\\\/\\\/www.hervetropea.com\\\/fr\\\/#website\"},\"datePublished\":\"2022-10-25T21:54:27+00:00\",\"dateModified\":\"2022-10-26T17:21:50+00:00\",\"breadcrumb\":{\"@id\":\"https:\\\/\\\/www.hervetropea.com\\\/fr\\\/livres\\\/#breadcrumb\"},\"inLanguage\":\"fr-FR\",\"potentialAction\":[{\"@type\":\"ReadAction\",\"target\":[\"https:\\\/\\\/www.hervetropea.com\\\/fr\\\/livres\\\/\"]}]},{\"@type\":\"BreadcrumbList\",\"@id\":\"https:\\\/\\\/www.hervetropea.com\\\/fr\\\/livres\\\/#breadcrumb\",\"itemListElement\":[{\"@type\":\"ListItem\",\"position\":1,\"name\":\"Home\",\"item\":\"https:\\\/\\\/www.hervetropea.com\\\/fr\\\/\"},{\"@type\":\"ListItem\",\"position\":2,\"name\":\"Livres\"}]},{\"@type\":\"WebSite\",\"@id\":\"https:\\\/\\\/www.hervetropea.com\\\/fr\\\/#website\",\"url\":\"https:\\\/\\\/www.hervetropea.com\\\/fr\\\/\",\"name\":\"Herv\u00e9 Trop\u00e9a\",\"description\":\"\",\"publisher\":{\"@id\":\"https:\\\/\\\/www.hervetropea.com\\\/fr\\\/#\\\/schema\\\/person\\\/a9eedb2099cb5b9fb60332e73c6d0a79\"},\"potentialAction\":[{\"@type\":\"SearchAction\",\"target\":{\"@type\":\"EntryPoint\",\"urlTemplate\":\"https:\\\/\\\/www.hervetropea.com\\\/fr\\\/?s={search_term_string}\"},\"query-input\":{\"@type\":\"PropertyValueSpecification\",\"valueRequired\":true,\"valueName\":\"search_term_string\"}}],\"inLanguage\":\"fr-FR\"},{\"@type\":[\"Person\",\"Organization\"],\"@id\":\"https:\\\/\\\/www.hervetropea.com\\\/fr\\\/#\\\/schema\\\/person\\\/a9eedb2099cb5b9fb60332e73c6d0a79\",\"name\":\"Herv\u00e9 Tropea\",\"image\":{\"@type\":\"ImageObject\",\"inLanguage\":\"fr-FR\",\"@id\":\"https:\\\/\\\/www.hervetropea.com\\\/wp-content\\\/uploads\\\/photo_herve-tropea-hero1.jpg\",\"url\":\"https:\\\/\\\/www.hervetropea.com\\\/wp-content\\\/uploads\\\/photo_herve-tropea-hero1.jpg\",\"contentUrl\":\"https:\\\/\\\/www.hervetropea.com\\\/wp-content\\\/uploads\\\/photo_herve-tropea-hero1.jpg\",\"width\":600,\"height\":900,\"caption\":\"Herv\u00e9 Tropea\"},\"logo\":{\"@id\":\"https:\\\/\\\/www.hervetropea.com\\\/wp-content\\\/uploads\\\/photo_herve-tropea-hero1.jpg\"},\"sameAs\":[\"https:\\\/\\\/www.linkedin.com\\\/in\\\/herve-tropea-218a3594\\\/\"]}]}<\/script>\n<!-- \/ Yoast SEO plugin. -->","yoast_head_json":{"title":"Livres - Herv\u00e9 Trop\u00e9a","robots":{"index":"index","follow":"follow","max-snippet":"max-snippet:-1","max-image-preview":"max-image-preview:large","max-video-preview":"max-video-preview:-1"},"canonical":"https:\/\/www.hervetropea.com\/fr\/livres\/","og_locale":"fr_FR","og_type":"article","og_title":"Livres - Herv\u00e9 Trop\u00e9a","og_description":"Livres Livres disponibles d&rsquo;Herv\u00e9 Trop\u00e9a","og_url":"https:\/\/www.hervetropea.com\/fr\/livres\/","og_site_name":"Herv\u00e9 Trop\u00e9a","article_modified_time":"2022-10-26T17:21:50+00:00","og_image":[{"width":1200,"height":630,"url":"https:\/\/www.hervetropea.com\/wp-content\/uploads\/og_herve-tropea.jpg","type":"image\/jpeg"}],"twitter_card":"summary_large_image","twitter_misc":{"Dur\u00e9e de lecture estim\u00e9e":"1 minute"},"schema":{"@context":"https:\/\/schema.org","@graph":[{"@type":"WebPage","@id":"https:\/\/www.hervetropea.com\/fr\/livres\/","url":"https:\/\/www.hervetropea.com\/fr\/livres\/","name":"Livres - Herv\u00e9 Trop\u00e9a","isPartOf":{"@id":"https:\/\/www.hervetropea.com\/fr\/#website"},"datePublished":"2022-10-25T21:54:27+00:00","dateModified":"2022-10-26T17:21:50+00:00","breadcrumb":{"@id":"https:\/\/www.hervetropea.com\/fr\/livres\/#breadcrumb"},"inLanguage":"fr-FR","potentialAction":[{"@type":"ReadAction","target":["https:\/\/www.hervetropea.com\/fr\/livres\/"]}]},{"@type":"BreadcrumbList","@id":"https:\/\/www.hervetropea.com\/fr\/livres\/#breadcrumb","itemListElement":[{"@type":"ListItem","position":1,"name":"Home","item":"https:\/\/www.hervetropea.com\/fr\/"},{"@type":"ListItem","position":2,"name":"Livres"}]},{"@type":"WebSite","@id":"https:\/\/www.hervetropea.com\/fr\/#website","url":"https:\/\/www.hervetropea.com\/fr\/","name":"Herv\u00e9 Trop\u00e9a","description":"","publisher":{"@id":"https:\/\/www.hervetropea.com\/fr\/#\/schema\/person\/a9eedb2099cb5b9fb60332e73c6d0a79"},"potentialAction":[{"@type":"SearchAction","target":{"@type":"EntryPoint","urlTemplate":"https:\/\/www.hervetropea.com\/fr\/?s={search_term_string}"},"query-input":{"@type":"PropertyValueSpecification","valueRequired":true,"valueName":"search_term_string"}}],"inLanguage":"fr-FR"},{"@type":["Person","Organization"],"@id":"https:\/\/www.hervetropea.com\/fr\/#\/schema\/person\/a9eedb2099cb5b9fb60332e73c6d0a79","name":"Herv\u00e9 Tropea","image":{"@type":"ImageObject","inLanguage":"fr-FR","@id":"https:\/\/www.hervetropea.com\/wp-content\/uploads\/photo_herve-tropea-hero1.jpg","url":"https:\/\/www.hervetropea.com\/wp-content\/uploads\/photo_herve-tropea-hero1.jpg","contentUrl":"https:\/\/www.hervetropea.com\/wp-content\/uploads\/photo_herve-tropea-hero1.jpg","width":600,"height":900,"caption":"Herv\u00e9 Tropea"},"logo":{"@id":"https:\/\/www.hervetropea.com\/wp-content\/uploads\/photo_herve-tropea-hero1.jpg"},"sameAs":["https:\/\/www.linkedin.com\/in\/herve-tropea-218a3594\/"]}]}},"_links":{"self":[{"href":"https:\/\/www.hervetropea.com\/fr\/wp-json\/wp\/v2\/pages\/2731","targetHints":{"allow":["GET"]}}],"collection":[{"href":"https:\/\/www.hervetropea.com\/fr\/wp-json\/wp\/v2\/pages"}],"about":[{"href":"https:\/\/www.hervetropea.com\/fr\/wp-json\/wp\/v2\/types\/page"}],"author":[{"embeddable":true,"href":"https:\/\/www.hervetropea.com\/fr\/wp-json\/wp\/v2\/users\/1"}],"replies":[{"embeddable":true,"href":"https:\/\/www.hervetropea.com\/fr\/wp-json\/wp\/v2\/comments?post=2731"}],"version-history":[{"count":2,"href":"https:\/\/www.hervetropea.com\/fr\/wp-json\/wp\/v2\/pages\/2731\/revisions"}],"predecessor-version":[{"id":2735,"href":"https:\/\/www.hervetropea.com\/fr\/wp-json\/wp\/v2\/pages\/2731\/revisions\/2735"}],"wp:attachment":[{"href":"https:\/\/www.hervetropea.com\/fr\/wp-json\/wp\/v2\/media?parent=2731"}],"curies":[{"name":"wp","href":"https:\/\/api.w.org\/{rel}","templated":true}]}}